{"id":119,"date":"2023-04-17T19:37:08","date_gmt":"2023-04-17T17:37:08","guid":{"rendered":"http:\/\/atelier-acl.fr\/?page_id=119"},"modified":"2023-04-17T19:37:08","modified_gmt":"2023-04-17T17:37:08","slug":"notre-atelier","status":"publish","type":"page","link":"https:\/\/atelier-acl.fr\/index.php\/notre-atelier\/","title":{"rendered":"Notre atelier"},"content":{"rendered":"\n<div style=\"height:69px\" aria-hidden=\"true\" class=\"wp-block-spacer\"><\/div>\n\n\n\n<p>Notre atelier, l\u2019un des derniers d\u2019Ille et Vilaine, emploie aujourd\u2019hui une dizaine de personnes et toutes les expertises n\u00e9cessaires et indispensables \u00e0 la r\u00e9alisation de chaussures d&rsquo;exception. Chacun y prend le temps du travail bien fait pour confectionner des chaussures\u00a0de luxe alliant \u00e0 la fois \u00e9l\u00e9gance et raffinement.<\/p>\n\n\n\n<div style=\"height:56px\" aria-hidden=\"true\" class=\"wp-block-spacer\"><\/div>\n\n\n\n<figure class=\"wp-block-image size-large\"><img loading=\"lazy\" decoding=\"async\" width=\"1024\" height=\"683\" src=\"http:\/\/atelier-acl.fr\/wp-content\/uploads\/2023\/04\/begum-home-22-1024x683.jpg\" alt=\"\" class=\"wp-image-76\" srcset=\"https:\/\/atelier-acl.fr\/wp-content\/uploads\/2023\/04\/begum-home-22-1024x683.jpg 1024w, https:\/\/atelier-acl.fr\/wp-content\/uploads\/2023\/04\/begum-home-22-300x200.jpg 300w, https:\/\/atelier-acl.fr\/wp-content\/uploads\/2023\/04\/begum-home-22-768x512.jpg 768w, https:\/\/atelier-acl.fr\/wp-content\/uploads\/2023\/04\/begum-home-22-1536x1024.jpg 1536w, https:\/\/atelier-acl.fr\/wp-content\/uploads\/2023\/04\/begum-home-22.jpg 1920w\" sizes=\"auto, (max-width: 1024px) 100vw, 1024px\" \/><\/figure>\n\n\n\n<div style=\"height:60px\" aria-hidden=\"true\" class=\"wp-block-spacer\"><\/div>\n\n\n\n<p>Enti\u00e8rement mont\u00e9es, cousues et r\u00e9alis\u00e9es \u00e0 la main, les chaussures sont fabriqu\u00e9es avec les techniques traditionnelles du savoir-faire fran\u00e7ais.<\/p>\n\n\n\n<div style=\"height:60px\" aria-hidden=\"true\" class=\"wp-block-spacer\"><\/div>\n\n\n\n<figure class=\"wp-block-image size-large\"><img loading=\"lazy\" decoding=\"async\" width=\"1024\" height=\"683\" src=\"http:\/\/atelier-acl.fr\/wp-content\/uploads\/2023\/04\/begum-home-8-1024x683.jpg\" alt=\"\" class=\"wp-image-61\" srcset=\"https:\/\/atelier-acl.fr\/wp-content\/uploads\/2023\/04\/begum-home-8-1024x683.jpg 1024w, https:\/\/atelier-acl.fr\/wp-content\/uploads\/2023\/04\/begum-home-8-300x200.jpg 300w, https:\/\/atelier-acl.fr\/wp-content\/uploads\/2023\/04\/begum-home-8-768x512.jpg 768w, https:\/\/atelier-acl.fr\/wp-content\/uploads\/2023\/04\/begum-home-8-1536x1024.jpg 1536w, https:\/\/atelier-acl.fr\/wp-content\/uploads\/2023\/04\/begum-home-8.jpg 1920w\" sizes=\"auto, (max-width: 1024px) 100vw, 1024px\" \/><\/figure>\n","protected":false},"excerpt":{"rendered":"<p>Notre atelier, l\u2019un des derniers d\u2019Ille et Vilaine, emploie aujourd\u2019hui une dizaine de personnes et toutes les expertises n\u00e9cessaires et indispensables \u00e0 la r\u00e9alisation de chaussures d&rsquo;exception. Chacun y prend le temps du travail bien fait pour confectionner des chaussures\u00a0de luxe alliant \u00e0 la fois \u00e9l\u00e9gance et raffinement. Enti\u00e8rement mont\u00e9es, cousues et r\u00e9alis\u00e9es \u00e0 la [&hellip;]<\/p>\n","protected":false},"author":1,"featured_media":0,"parent":0,"menu_order":0,"comment_status":"closed","ping_status":"closed","template":"","meta":{"footnotes":""},"class_list":["post-119","page","type-page","status-publish","hentry"],"_links":{"self":[{"href":"https:\/\/atelier-acl.fr\/index.php\/wp-json\/wp\/v2\/pages\/119","targetHints":{"allow":["GET"]}}],"collection":[{"href":"https:\/\/atelier-acl.fr\/index.php\/wp-json\/wp\/v2\/pages"}],"about":[{"href":"https:\/\/atelier-acl.fr\/index.php\/wp-json\/wp\/v2\/types\/page"}],"author":[{"embeddable":true,"href":"https:\/\/atelier-acl.fr\/index.php\/wp-json\/wp\/v2\/users\/1"}],"replies":[{"embeddable":true,"href":"https:\/\/atelier-acl.fr\/index.php\/wp-json\/wp\/v2\/comments?post=119"}],"version-history":[{"count":3,"href":"https:\/\/atelier-acl.fr\/index.php\/wp-json\/wp\/v2\/pages\/119\/revisions"}],"predecessor-version":[{"id":122,"href":"https:\/\/atelier-acl.fr\/index.php\/wp-json\/wp\/v2\/pages\/119\/revisions\/122"}],"wp:attachment":[{"href":"https:\/\/atelier-acl.fr\/index.php\/wp-json\/wp\/v2\/media?parent=119"}],"curies":[{"name":"wp","href":"https:\/\/api.w.org\/{rel}","templated":true}]}}